{"id":1481,"date":"2013-11-01T12:12:47","date_gmt":"2013-11-01T11:12:47","guid":{"rendered":"http:\/\/peterl.de\/?page_id=1481"},"modified":"2017-08-08T09:51:40","modified_gmt":"2017-08-08T07:51:40","slug":"rolly-big-o-zul","status":"publish","type":"page","link":"https:\/\/www.werbeanhaenger.com\/?page_id=1481","title":{"rendered":"Rolly BIG o.Zul."},"content":{"rendered":"<p>Hier k\u00f6nnen Sie Infos \u00fcber den RentMe-Mikro lesen oder direkt zum<\/p>\n<ul>\n<li><a href=\"https:\/\/www.werbeanhaenger.com\/?product=werberolly-xl-big-b700xh350cm\">Rolly-Big Werbeanh\u00e4nger gelangen<\/a><\/li>\n<\/ul>\n<p>Der ROLLY-BIG ist der Gigant unter den Werbeanh\u00e4ngern. Hervorragend schon von weiten zu sehen \u00fcbermittelt er selbstsicher, klar und deutlich Ihre Werbebotschaften im Gro\u00dfformat von B700 x H 350 cm. Das ist f\u00fcr einen Werbeanh\u00e4nger schon ein wirklich verdammt gro\u00dfes Werbeformat!<\/p>\n<p>Die Standpl\u00e4tze sind meist bei Umgehungstrassen, Autobahn oder Schnellstrassenabfahrten um auf Ihr Unternehmen hinzuweisen. In den letzten Jahren wurde der Werbeanh\u00e4nger BIG auch sehr oft auf\u00a0Privatgrundst\u00fccken, Gro\u00dfparkpl\u00e4tzen von Einkaufscentren, M\u00f6belh\u00e4user oder Autoh\u00e4usern oder sonstigen Stellpl\u00e4tzen eingesetzt, die entsprechende Stellfl\u00e4chen zur Verf\u00fcgung haben. Viele unserer Kunden wollen zu 100% sicher gehen, das die Werbebotschaft mit Hilfe der schieren Gr\u00f6\u00dfe von BIG, auch wirklich gesehen wird! Das wurde immer geschafft! BIG ist wirklich BIG und sieht dabei auch noch aus!<\/p>\n<p>Die ROLLY-Modelle sind nur auf \u00f6ffentlich Strassen zugelassen, sofern das Zugfahrzeug mit ROLLY im Gespann nachweislich nicht schneller als 6km pro Stunde f\u00e4hrt, oder er sich auf privaten Grund befindet.<\/p>\n<p>Der Vorteil von dem Werbeanh\u00e4nger ROLLY-BIG ist, das er \u00a0im Verh\u00e4ltnis Gr\u00f6\u00dfe der Werbefl\u00e4che zu den extrem geringen Werbekosten das Beste Preis-\/Leistungsverh\u00e4ltnis bietet! Der Werbeanh\u00e4nger ist mit seiner Rollachse leicht zu bewegen und kann durch seine schiere Gr\u00f6\u00dfe schon von weiten von z.B. Fahrern und Beifahrern in vorbeifahrenden Autos, gut gesehen werden!<\/p>\n<p>Die ROLLY-Modelle werden alle mit einen Anh\u00e4nger\/Autotransporter an dem Werbeort verbracht und dann f\u00fcr den jeweiligen Einsatzzweck aufgestellt oder bereitgestellt. Sie k\u00f6nnen die Abholung auch selber koordinieren, zudem bieten wir auch komplette Servicepakete an und \u00fcbernehmen alle Handlingsarbeiten. Beachten Sie bei ROLLY-BIG, das er vor Ort aufgebaut werden muss, denn er ist 4m hoch und kann so nur durch den Aufbau vor Ort, nach dem Transport, seine volle Gr\u00f6\u00dfe entwickeln.<br \/>\nKeine Sorge, der Aufbau ist einfach und schnell gemacht, wir machen das gern f\u00fcr Sie!<\/p>\n<p>Wir haben eine gro\u00dfe Auswahl an Werbeanh\u00e4ngern und auch der BIG kann zahlreich f\u00fcr Werbezwecke eingesetzt werden. Gerade durch den starken Wiedererkennungs-Effekt des Werbeanh\u00e4ngers BIG gibt es Sinn, das Sie bei der Planung Ihrer Werbeaktion \u00fcber eine Anzahl von 2st oder gar 4 st. nachdenken, denn je \u00f6fters Ihre Werbebotschaft zielsicher kommuniziert wird, desto einfacher hat es der Verbraucher Ihre Werbebotschaft zu lesen und zu lernen!<\/p>\n<p>Der BIG wiegt mit Balast je nach Werbeeinsatzzweck zwischen 900 bis 2.800 KG, hat 4 St\u00fctzen, ist ungebremst und wird so aufgebockt, das er standsicher auf den R\u00e4dern und auf den St\u00fctzen steht,<br \/>\noder er kann im Schritttempo zu Poromotioneins\u00e4tze gezogen werden.<\/p>\n<p><a href=\"https:\/\/www.werbeanhaenger.com\/?product=werberolly-xl-big-b700xh350cm\">HIER GEHT ES ZUM WERBEROLLY BIG!<\/a><\/p>\n","protected":false},"excerpt":{"rendered":"<p>Hier k\u00f6nnen Sie Infos \u00fcber den RentMe-Mikro lesen oder direkt zum Rolly-Big Werbeanh\u00e4nger gelangen Der ROLLY-BIG ist der Gigant unter [&hellip;]<\/p>\n","protected":false},"author":1,"featured_media":0,"parent":0,"menu_order":0,"comment_status":"closed","ping_status":"closed","template":"page-fullwidth.php","meta":{"footnotes":"","_links_to":"","_links_to_target":""},"class_list":["post-1481","page","type-page","status-publish","hentry","no-featured-image"],"_links":{"self":[{"href":"https:\/\/www.werbeanhaenger.com\/index.php?rest_route=\/wp\/v2\/pages\/1481","targetHints":{"allow":["GET"]}}],"collection":[{"href":"https:\/\/www.werbeanhaenger.com\/index.php?rest_route=\/wp\/v2\/pages"}],"about":[{"href":"https:\/\/www.werbeanhaenger.com\/index.php?rest_route=\/wp\/v2\/types\/page"}],"author":[{"embeddable":true,"href":"https:\/\/www.werbeanhaenger.com\/index.php?rest_route=\/wp\/v2\/users\/1"}],"replies":[{"embeddable":true,"href":"https:\/\/www.werbeanhaenger.com\/index.php?rest_route=%2Fwp%2Fv2%2Fcomments&post=1481"}],"version-history":[{"count":13,"href":"https:\/\/www.werbeanhaenger.com\/index.php?rest_route=\/wp\/v2\/pages\/1481\/revisions"}],"predecessor-version":[{"id":6680,"href":"https:\/\/www.werbeanhaenger.com\/index.php?rest_route=\/wp\/v2\/pages\/1481\/revisions\/6680"}],"wp:attachment":[{"href":"https:\/\/www.werbeanhaenger.com\/index.php?rest_route=%2Fwp%2Fv2%2Fmedia&parent=1481"}],"curies":[{"name":"wp","href":"https:\/\/api.w.org\/{rel}","templated":true}]}}