{"id":1485,"date":"2013-11-01T12:14:13","date_gmt":"2013-11-01T11:14:13","guid":{"rendered":"http:\/\/peterl.de\/?page_id=1485"},"modified":"2017-08-08T09:48:47","modified_gmt":"2017-08-08T07:48:47","slug":"rolly-mikro-o-zul","status":"publish","type":"page","link":"https:\/\/www.werbeanhaenger.com\/?page_id=1485","title":{"rendered":"Rolly MIKRO o.Zul."},"content":{"rendered":"<p>Hier k\u00f6nnen Sie Infos \u00fcber den RentMe-Mikro lesen oder direkt zum<\/p>\n<ul>\n<li><a href=\"https:\/\/www.werbeanhaenger.com\/?product=werberolly-mikro-b200xh100cm\">Rolly-Mikro Werbeanh\u00e4nger gelangen<\/a><\/li>\n<\/ul>\n<p>Der ROLLY-MIKRO ist ein kleiner rollbarer Werbeanh\u00e4nger der gerade auf Privatgrundst\u00fccken, Gro\u00dfparkpl\u00e4tzen von Einkaufscentren, M\u00f6belh\u00e4user oder Autoh\u00e4usernoder sonstigen Stellpl\u00e4tzen perfekt die Kommunikationsbotschaften an Ihre Kunden \u00fcbermitteln kann.<br \/>\nDie ROLLY-Modell sind nur auf \u00f6ffentlich Strassen zugelassen, sofern das Zugfahrzeug mit ROLLY im Gespann nachweislich nicht schneller als 6km pro Stunde f\u00e4hrt, oder er sich auf privaten Grund befindet.<\/p>\n<p>Das Tolle an dem Werbeanh\u00e4nger ROLLY-MIKRO ist, das er so universell einsetzbar und so leicht zu wegen ist. Ideal auch f\u00fcr Promotioneins\u00e4tze in der City, denn Sie d\u00fcrfen den MIKRO auch als Handwagen mit Ihrem Werbeplakat von z.B. Ihrem Promotionteam mit Genehmigung, durch die City schieben und haben dann auch noch eine echt riesige Werbefl\u00e4che von 200 x 150 cm, die Ihr Verteilerteam mit den wichtigsten Werbemotiven unterst\u00fctzt. Besser, einfacher und gr\u00f6\u00dfer gehts nicht!<\/p>\n<p>Und sollte Ihr Promotionteam eine Pause machen, den Werbeanh\u00e4nger k\u00f6nnen sie sicher mit Kette anschliessen, so das er gesichert am Platz steht, und trotzdem weiterhin f\u00fcr Sie wirbt. Und zwar rund um die Uhr! Er ist extrem g\u00fcnstig\u00a0in der Anmietung, l\u00e4sst sich schnell \u00fcberall hin transportieren und ist ein professioneller, kleiner Werbeanh\u00e4nger mit erstaunlichen Kompetenzen!<\/p>\n<p>Gerade der MIKRO eignet sich vor Streuwerbung, wir nennen es auch kleine &#8222;Werbesatellitten&#8220; die \u00fcberall in der Region, mit und ohne Genehmigung, in der Sie werben m\u00f6chten zahlreich aufgestellt werden kann. Meist werden 5 er oder 10er Sets gebucht, denn f\u00fcr erfolgreiche Werbung sollte man versuchen m\u00f6glichst viele Blickkontakte zu generieren.<\/p>\n<p>Der MIKRO wiegt mit Balast gerade mal 300 KG, hat 4 St\u00fctzen, ist ungebremst und wird so aufgebockt, das er standsicher auf den R\u00e4dern und auf den St\u00fctzen steht, oder er kann in Bewegung bleiben, mit geringer Muskelkraft haben Sie so Maxi-Werbeleistung!<\/p>\n<p><a href=\"https:\/\/www.werbeanhaenger.com\/?product=werberolly-mikro-b200xh100cm\">HIER GEHT ES ZUM WERBEROLLY MIKRO!<\/a><\/p>\n","protected":false},"excerpt":{"rendered":"<p>Hier k\u00f6nnen Sie Infos \u00fcber den RentMe-Mikro lesen oder direkt zum Rolly-Mikro Werbeanh\u00e4nger gelangen Der ROLLY-MIKRO ist ein kleiner rollbarer [&hellip;]<\/p>\n","protected":false},"author":1,"featured_media":0,"parent":0,"menu_order":0,"comment_status":"closed","ping_status":"closed","template":"page-fullwidth.php","meta":{"footnotes":"","_links_to":"","_links_to_target":""},"class_list":["post-1485","page","type-page","status-publish","hentry","no-featured-image"],"_links":{"self":[{"href":"https:\/\/www.werbeanhaenger.com\/index.php?rest_route=\/wp\/v2\/pages\/1485","targetHints":{"allow":["GET"]}}],"collection":[{"href":"https:\/\/www.werbeanhaenger.com\/index.php?rest_route=\/wp\/v2\/pages"}],"about":[{"href":"https:\/\/www.werbeanhaenger.com\/index.php?rest_route=\/wp\/v2\/types\/page"}],"author":[{"embeddable":true,"href":"https:\/\/www.werbeanhaenger.com\/index.php?rest_route=\/wp\/v2\/users\/1"}],"replies":[{"embeddable":true,"href":"https:\/\/www.werbeanhaenger.com\/index.php?rest_route=%2Fwp%2Fv2%2Fcomments&post=1485"}],"version-history":[{"count":11,"href":"https:\/\/www.werbeanhaenger.com\/index.php?rest_route=\/wp\/v2\/pages\/1485\/revisions"}],"predecessor-version":[{"id":6674,"href":"https:\/\/www.werbeanhaenger.com\/index.php?rest_route=\/wp\/v2\/pages\/1485\/revisions\/6674"}],"wp:attachment":[{"href":"https:\/\/www.werbeanhaenger.com\/index.php?rest_route=%2Fwp%2Fv2%2Fmedia&parent=1485"}],"curies":[{"name":"wp","href":"https:\/\/api.w.org\/{rel}","templated":true}]}}