{"id":1495,"date":"2013-11-01T12:16:19","date_gmt":"2013-11-01T11:16:19","guid":{"rendered":"http:\/\/peterl.de\/?page_id=1495"},"modified":"2017-08-08T09:47:39","modified_gmt":"2017-08-08T07:47:39","slug":"big-b700-x-h350-cm","status":"publish","type":"page","link":"https:\/\/www.werbeanhaenger.com\/?page_id=1495","title":{"rendered":"BIG B700 x H350 cm"},"content":{"rendered":"<p>Hier k\u00f6nnen Sie Infos \u00fcber den RentMe-Mikro lesen oder direkt zum<\/p>\n<ul>\n<li><a href=\"https:\/\/www.werbeanhaenger.com\/?product=werbeanhaenger-rentme-xl-big-b700xh350cm\">RenMe-Big Werbeanh\u00e4nger gelangen<\/a><\/li>\n<\/ul>\n<p>Unglaublich! Der RentMe-BIG ist wirklich der Gigant unter den mobilen Werbeanh\u00e4ngern. Mit echten 4m H\u00f6he geht er an die Grenze der br\u00fcckenpassierbaren M\u00f6glichkeiten und bietet dabei eine Werbefl\u00e4che von 350cm H\u00f6he! Die L\u00e4nge ist mit 700 cm wirklich gro\u00df! Wer das nicht glaubt, der sollte sich die Bilder in unserer Galerie anschauen.<br \/>\nDer BIG ist unangefochten der gr\u00f6\u00dfte, mobile Werbeanh\u00e4nger!<\/p>\n<p>Und jetzt kommt es: BIG ist mobil, Sie k\u00f6nnen ihn bequem hinter jedem geeigneten Mittelklasse -Zugfahrzeug ziehen und er hat trotz seiner Gr\u00f6\u00dfe dennoch ein einfaches Handling. Mit seiner Tandemachse steht er sicher.<br \/>\nWir haben den RentMe BIG in 2 Gewichts-Ausf\u00fchrungen:<br \/>\na) als 2,50 to. f\u00fcr mobile Eins\u00e4tze, oder<br \/>\nb) als 0,99 to. optimal f\u00fcr Eins\u00e4tze an festen Werbestandorten.<br \/>\nBeide Varianten erhalten Sie mit entsprechenden Balastgewichten, so das\u00a0der BIG trotz seiner gro\u00dfen Werbefl\u00e4che sicher steht.<\/p>\n<p>Der RentMe BIG ist ideal f\u00fcr mittel- und langfristige Promotioneins\u00e4tze und Kurzaktionen, bei denen extrem starke Blickfangwerbung gew\u00fcnscht ist.<\/p>\n<p>Der BIG wiegt leer 700 KG und bekommt 200 KG bzw. 1,5 to. Balastgewicht,<br \/>\nje nach Werbezweck.<br \/>\nEr ist gebremst und kann von jeden herk\u00f6mmlichen PKW mit Anh\u00e4ngekupplung mit Anh\u00e4ngelast von 990KG bis 2.500 KG, je nach Ausstattung, gezogen werden.<br \/>\nBitte schauen Sie in Ihren Fahrzeugpapieren nach, wie hoch die Anh\u00e4ngerlast f\u00fcr ungebremste Anh\u00e4nger bei Ihren ausgew\u00e4hlten Zugfahrzeug ist.<\/p>\n<p>Auch F\u00fchrerscheinbesitzer mit dem normalen PKW-F\u00fcherschein d\u00fcrfen die Basic-Variante vom BIG- Anh\u00e4nger ziehen und bewegen, sofern die zul\u00e4ssige Gesamtmasse des Gespannes nicht \u00fcber 3,5 to. wiegt. Kurz um, sofern also Ihr Zugfahrzeug nicht mehr als 2,5 to. ZlgGew. hat, sollten Sie BIG problemlos ziehen d\u00fcrfen. Bei BIG mit dem gro\u00dfen Balastgewicht sollten Sie einen angepassten F\u00fchrerschein bei der Abholung vorlegen k\u00f6nnen, oder wir rangieren BIG f\u00fcr Sie.<\/p>\n<p><a href=\"https:\/\/www.werbeanhaenger.com\/?product=werbeanhaenger-rentme-xl-big-b700xh350cm\">HIER GEHT ES ZUM BIG WERBEANH\u00c4NGER!<\/a><\/p>\n","protected":false},"excerpt":{"rendered":"<p>Hier k\u00f6nnen Sie Infos \u00fcber den RentMe-Mikro lesen oder direkt zum RenMe-Big Werbeanh\u00e4nger gelangen Unglaublich! Der RentMe-BIG ist wirklich der [&hellip;]<\/p>\n","protected":false},"author":1,"featured_media":0,"parent":0,"menu_order":0,"comment_status":"closed","ping_status":"closed","template":"page-fullwidth.php","meta":{"footnotes":"","_links_to":"","_links_to_target":""},"class_list":["post-1495","page","type-page","status-publish","hentry","no-featured-image"],"_links":{"self":[{"href":"https:\/\/www.werbeanhaenger.com\/index.php?rest_route=\/wp\/v2\/pages\/1495","targetHints":{"allow":["GET"]}}],"collection":[{"href":"https:\/\/www.werbeanhaenger.com\/index.php?rest_route=\/wp\/v2\/pages"}],"about":[{"href":"https:\/\/www.werbeanhaenger.com\/index.php?rest_route=\/wp\/v2\/types\/page"}],"author":[{"embeddable":true,"href":"https:\/\/www.werbeanhaenger.com\/index.php?rest_route=\/wp\/v2\/users\/1"}],"replies":[{"embeddable":true,"href":"https:\/\/www.werbeanhaenger.com\/index.php?rest_route=%2Fwp%2Fv2%2Fcomments&post=1495"}],"version-history":[{"count":20,"href":"https:\/\/www.werbeanhaenger.com\/index.php?rest_route=\/wp\/v2\/pages\/1495\/revisions"}],"predecessor-version":[{"id":6672,"href":"https:\/\/www.werbeanhaenger.com\/index.php?rest_route=\/wp\/v2\/pages\/1495\/revisions\/6672"}],"wp:attachment":[{"href":"https:\/\/www.werbeanhaenger.com\/index.php?rest_route=%2Fwp%2Fv2%2Fmedia&parent=1495"}],"curies":[{"name":"wp","href":"https:\/\/api.w.org\/{rel}","templated":true}]}}