{"id":1837,"date":"2013-11-03T10:54:22","date_gmt":"2013-11-03T09:54:22","guid":{"rendered":"http:\/\/peterl.de\/?page_id=1837"},"modified":"2016-12-09T06:54:11","modified_gmt":"2016-12-09T05:54:11","slug":"plus-dachwerbung","status":"publish","type":"page","link":"https:\/\/www.werbeanhaenger.com\/?page_id=1837","title":{"rendered":"PLUS -Dachwerbung"},"content":{"rendered":"<p>Das PLUS steht f\u00fcr mehr! Einfach mehr Werbeleistung und ein mehr an Werbeotschaft erreichen Sie mit PLUS- dem Dachwerbetr\u00e4ger im Gro\u00dfformat. Und wenn wir von Gro\u00dfformat schreiben, dann meinen wir das auch! Einfach gigantisch die Idee und ein PLUS f\u00fcr Ihren Umsatz wenn Sie mit dieser Idee ihre Zielgruppe bewerben.<br \/>\nWir bieten Ihnen 2 Varianten:<br \/>\n1) sofern Sie den passenden Wagen bereits haben, bekommen Sie von uns das PLUS-WerbeSet &#8211; Paket in Form einer riesigen Dachwerbung f\u00fcr Ihren Kombi im Gro\u00dfformat von L 400 x H 250 cm.<br \/>\nBevor wir es vergessen, fahren sollten Sie mit diesem Unget\u00fcm auf dem Dach nur sehr sehr vorsichtig!<br \/>\nAber um es zugleich zu erw\u00e4hnen, es handelt sich hier ja nicht um einen Spoiler, sondern ganz im Gegenteil, es handelt sich um extrem auffallende Werbung die \u00dcberragend auf dem Fahrzeugdach f\u00fcr &#8230;<\/p>\n","protected":false},"excerpt":{"rendered":"<p>Das PLUS steht f\u00fcr mehr! Einfach mehr Werbeleistung und ein mehr an Werbeotschaft erreichen Sie mit PLUS- dem Dachwerbetr\u00e4ger im [&hellip;]<\/p>\n","protected":false},"author":1,"featured_media":0,"parent":0,"menu_order":0,"comment_status":"closed","ping_status":"closed","template":"","meta":{"footnotes":"","_links_to":"","_links_to_target":""},"class_list":["post-1837","page","type-page","status-publish","hentry","no-featured-image"],"_links":{"self":[{"href":"https:\/\/www.werbeanhaenger.com\/index.php?rest_route=\/wp\/v2\/pages\/1837","targetHints":{"allow":["GET"]}}],"collection":[{"href":"https:\/\/www.werbeanhaenger.com\/index.php?rest_route=\/wp\/v2\/pages"}],"about":[{"href":"https:\/\/www.werbeanhaenger.com\/index.php?rest_route=\/wp\/v2\/types\/page"}],"author":[{"embeddable":true,"href":"https:\/\/www.werbeanhaenger.com\/index.php?rest_route=\/wp\/v2\/users\/1"}],"replies":[{"embeddable":true,"href":"https:\/\/www.werbeanhaenger.com\/index.php?rest_route=%2Fwp%2Fv2%2Fcomments&post=1837"}],"version-history":[{"count":7,"href":"https:\/\/www.werbeanhaenger.com\/index.php?rest_route=\/wp\/v2\/pages\/1837\/revisions"}],"predecessor-version":[{"id":5274,"href":"https:\/\/www.werbeanhaenger.com\/index.php?rest_route=\/wp\/v2\/pages\/1837\/revisions\/5274"}],"wp:attachment":[{"href":"https:\/\/www.werbeanhaenger.com\/index.php?rest_route=%2Fwp%2Fv2%2Fmedia&parent=1837"}],"curies":[{"name":"wp","href":"https:\/\/api.w.org\/{rel}","templated":true}]}}