{"id":2113,"date":"2013-11-11T15:00:15","date_gmt":"2013-11-11T14:00:15","guid":{"rendered":"http:\/\/peterl.de\/?page_id=2113"},"modified":"2017-08-08T09:46:54","modified_gmt":"2017-08-08T07:46:54","slug":"standard-b350-x-h250-cm","status":"publish","type":"page","link":"https:\/\/www.werbeanhaenger.com\/?page_id=2113","title":{"rendered":"STANDARD B350xH250cm"},"content":{"rendered":"<p>Hier k\u00f6nnen Sie Infos \u00fcber den RentMe-Mikro lesen oder direkt zum<\/p>\n<ul>\n<li><a href=\"https:\/\/www.werbeanhaenger.com\/?product=werbeanhaenger-rentme-standard-b350xh250cm\">zum RentMe-Standard Werbean\u00e4nger gelangen<\/a><\/li>\n<\/ul>\n<p>Der RentMe-STANDARD ist unser Klassiker. Er ist wirklich gro\u00df und bietet mit B350 x H250cm fast das Gro\u00dfPlakat-Ma\u00df (B356 x H 252 cm), welches Sie von den normalen Plakatw\u00e4nden am Strassenrand kennen. Er ist f\u00fcr Werbekampagne die schnell und flexibel einsatzbar und bietet zudem den Vorteil des Mobilit\u00e4t, der ideale ultimative Werbetr\u00e4ger!<\/p>\n<p>Das Beste am RentMe STANDARD ist, das er so extrem preisg\u00fcnstig ist! Gegen\u00fcber herk\u00f6mmlichen Plakatw\u00e4nden kostet er nur ein Bruchteil und ist sehr einfach zu buchen! Der Werbeanh\u00e4nger-STANDARD bietet mehr als doppelt soviel Werbefl\u00e4che !!, da er beidseitig ist und zudem auch noch vorne und hinten wertvolle Werbe-Dreiecksfl\u00e4chen hat, um Ihre Werbebotschaft zu \u00fcbermitteln.<br \/>\nDurch die Mobili\u00e4t des Werbeanh\u00e4ngers, haben Sie im Gegensatz zu normalen Plakatw\u00e4nden, die M\u00f6glichkeit, innerhalb eines Werbezeitraumes zugleich mit ein und dem selben Plakat an mehreren verschiedenen Standorten zu werben!<\/p>\n<p>Mit seinen ca. 900 KG ist er sehr gut zu rangieren und zu ziehen, l\u00e4st sich schnell von einem Werbestandort zum n\u00e4chsten verbringen und man kann ihn sehr fix aufzustellen, die 4 St\u00fctzen sind schnell abgesenkt und das Anschliessen mit dem Kastenschloss geht auch fix!<\/p>\n<p>Der Werbeanh\u00e4nger-STANDARD ist unser meist gemietetes Produkt, weil er wirklich gro\u00df ist!\u00a0Gro\u00dfartig in der Blickfangwerbung, gro\u00df in der Werbewirkung und klitze-klein im Monatsmietpreis!<\/p>\n<p>Gerade f\u00fcr Langzeitwerbung von 6 bis zu 24 Monaten auf gut ausgew\u00e4hlten Werbestandorten wird er zuverl\u00e4ssig bis zu 50.000 oder gar 80.000 Blickkontakten am Tag!! bringen.\u00a0Wir haben mehrfach die Anzahl der m\u00f6glichen Blickkontakte an Bundes- und Durchgangsstrassen in der City und der Region an verschiedenen Standorten gemessen,\u00a0g\u00fcnstiger kann man nicht werben!<\/p>\n<p>Der Werbeanh\u00e4nger-STANDARD wiegt mit Balast gerade mal ca. 900 KG, hat 4 St\u00fctzen und ist gebremst, so das er bequem und sicher von fast jeden Klein- und Mittelklassewagen gezogen werden kann. Unser Renault Clio hat viele Jahre unseren Werbeanh\u00e4nger-STANDARD bundesweit ausgeliefert, und er kam damit gut zuerecht!<\/p>\n<p>F\u00fchrerscheinbesitzer mit dem normalen PKW-F\u00fcherschein d\u00fcrfen diesen Anh\u00e4nger ziehen und bewegen, sofern die zul\u00e4ssige Gesamtmasse des Gespannes nicht \u00fcber 3,5 to. wiegt. Kurz um, sofern also Ihr Zugfahrzeug nicht mehr als 2,2 to. ZlgGew. hat, sollten Sie den Werbeanh\u00e4nger-STANDARD problemlos ziehen d\u00fcrfen.<\/p>\n<p>Oder wir verbringen Ihnen den Werbeanh\u00e4nger-STANDARD an Ihren gew\u00fcnschten Werbeort.<\/p>\n<p><a href=\"https:\/\/www.werbeanhaenger.com\/?product=werbeanhaenger-rentme-standard-b350xh250cm\">HIER GEHT ES ZUM STANDARD WERBEANH\u00c4NGER!<\/a><\/p>\n","protected":false},"excerpt":{"rendered":"<p>Hier k\u00f6nnen Sie Infos \u00fcber den RentMe-Mikro lesen oder direkt zum zum RentMe-Standard Werbean\u00e4nger gelangen Der RentMe-STANDARD ist unser Klassiker. [&hellip;]<\/p>\n","protected":false},"author":1,"featured_media":0,"parent":0,"menu_order":0,"comment_status":"closed","ping_status":"closed","template":"page-fullwidth.php","meta":{"footnotes":"","_links_to":"","_links_to_target":""},"class_list":["post-2113","page","type-page","status-publish","hentry","no-featured-image"],"_links":{"self":[{"href":"https:\/\/www.werbeanhaenger.com\/index.php?rest_route=\/wp\/v2\/pages\/2113","targetHints":{"allow":["GET"]}}],"collection":[{"href":"https:\/\/www.werbeanhaenger.com\/index.php?rest_route=\/wp\/v2\/pages"}],"about":[{"href":"https:\/\/www.werbeanhaenger.com\/index.php?rest_route=\/wp\/v2\/types\/page"}],"author":[{"embeddable":true,"href":"https:\/\/www.werbeanhaenger.com\/index.php?rest_route=\/wp\/v2\/users\/1"}],"replies":[{"embeddable":true,"href":"https:\/\/www.werbeanhaenger.com\/index.php?rest_route=%2Fwp%2Fv2%2Fcomments&post=2113"}],"version-history":[{"count":22,"href":"https:\/\/www.werbeanhaenger.com\/index.php?rest_route=\/wp\/v2\/pages\/2113\/revisions"}],"predecessor-version":[{"id":6671,"href":"https:\/\/www.werbeanhaenger.com\/index.php?rest_route=\/wp\/v2\/pages\/2113\/revisions\/6671"}],"wp:attachment":[{"href":"https:\/\/www.werbeanhaenger.com\/index.php?rest_route=%2Fwp%2Fv2%2Fmedia&parent=2113"}],"curies":[{"name":"wp","href":"https:\/\/api.w.org\/{rel}","templated":true}]}}