{"id":2120,"date":"2013-11-11T15:09:04","date_gmt":"2013-11-11T14:09:04","guid":{"rendered":"http:\/\/peterl.de\/?page_id=2120"},"modified":"2017-08-08T07:00:44","modified_gmt":"2017-08-08T05:00:44","slug":"mikro-b200-x-h150-cm","status":"publish","type":"page","link":"https:\/\/www.werbeanhaenger.com\/?page_id=2120","title":{"rendered":"MIKRO B200 x H150 cm"},"content":{"rendered":"<p>Hier k\u00f6nnen Sie Infos \u00fcber den RentMe-Mikro lesen oder direkt zum<\/p>\n<ul>\n<li><a href=\"https:\/\/www.werbeanhaenger.com\/?product=werbeanhaenger-rentme-mikro-b200xh100cm\">RentMe-Mikro Werbeanhanger gelangen<\/a><\/li>\n<\/ul>\n<p>Der RentMe-Mikro ist unser kleinster Werbeanh\u00e4nger und bietet den Vorteil, das er sehr einfach vom Handling ist, spielend leicht und schnell aufzustellen und nat\u00fcrlich extrem g\u00fcnstig in der Anmietung ist.<\/p>\n<p>Gerade der MIKRO eignet sich vor Streuwerbung, wir nennen es auch kleine &#8222;Werbesatellitten&#8220; die \u00fcberall in der Region in der Sie werben m\u00f6chten zahlreich aufgestellt werden kann. Meist werden 5 er oder 10er Sets gebucht, denn f\u00fcr erfolgreiche Werbung sollte man versuchen m\u00f6glichst viele Blickkontakte zu generieren.<\/p>\n<p>Der MIKRO wiegt mit Balast gerade mal 400 KG, hat 4 St\u00fctzen und ist ungebremst und wird so aufgebockt, das er standsicher auf den R\u00e4dern und auf den St\u00fctzen steht. Er kann von jeden herk\u00f6mmlichen PKW mit Anh\u00e4ngekupplung gezogen werden, bitte schauen Sie in Ihren Fahrzeugpapieren nach, wie hoch die Anh\u00e4ngerlast f\u00fcr ungebremste Anh\u00e4nger bei Ihren ausgew\u00e4hlten Zugfahrzeug ist.<\/p>\n<p>Auch F\u00fchrerscheinbesitzer mit dem normalen PKW-F\u00fcherschein d\u00fcrfen diesen Anh\u00e4nger ziehen und bewegen, sofern die zul\u00e4ssige Gesamtmasse des Gespannes nicht \u00fcber 3,5 to. wiegt. Kurz um, sofern also Ihr Zugfahrzeug nicht mehr als 3,1 to. ZlgGew. hat, sollten Sie MIKRO problemlos ziehen d\u00fcrfen.<\/p>\n<ul>\n<li><a href=\"https:\/\/www.werbeanhaenger.com\/?product=werbeanhaenger-rentme-mikro-b200xh100cm\">HIER GEHT ES ZUM MIKRO WERBEANH\u00c4NGER!<\/a><\/li>\n<\/ul>\n","protected":false},"excerpt":{"rendered":"<p>Hier k\u00f6nnen Sie Infos \u00fcber den RentMe-Mikro lesen oder direkt zum RentMe-Mikro Werbeanhanger gelangen Der RentMe-Mikro ist unser kleinster Werbeanh\u00e4nger [&hellip;]<\/p>\n","protected":false},"author":1,"featured_media":0,"parent":0,"menu_order":0,"comment_status":"closed","ping_status":"closed","template":"page-fullwidth.php","meta":{"footnotes":"","_links_to":"","_links_to_target":""},"class_list":["post-2120","page","type-page","status-publish","hentry","no-featured-image"],"_links":{"self":[{"href":"https:\/\/www.werbeanhaenger.com\/index.php?rest_route=\/wp\/v2\/pages\/2120","targetHints":{"allow":["GET"]}}],"collection":[{"href":"https:\/\/www.werbeanhaenger.com\/index.php?rest_route=\/wp\/v2\/pages"}],"about":[{"href":"https:\/\/www.werbeanhaenger.com\/index.php?rest_route=\/wp\/v2\/types\/page"}],"author":[{"embeddable":true,"href":"https:\/\/www.werbeanhaenger.com\/index.php?rest_route=\/wp\/v2\/users\/1"}],"replies":[{"embeddable":true,"href":"https:\/\/www.werbeanhaenger.com\/index.php?rest_route=%2Fwp%2Fv2%2Fcomments&post=2120"}],"version-history":[{"count":9,"href":"https:\/\/www.werbeanhaenger.com\/index.php?rest_route=\/wp\/v2\/pages\/2120\/revisions"}],"predecessor-version":[{"id":6668,"href":"https:\/\/www.werbeanhaenger.com\/index.php?rest_route=\/wp\/v2\/pages\/2120\/revisions\/6668"}],"wp:attachment":[{"href":"https:\/\/www.werbeanhaenger.com\/index.php?rest_route=%2Fwp%2Fv2%2Fmedia&parent=2120"}],"curies":[{"name":"wp","href":"https:\/\/api.w.org\/{rel}","templated":true}]}}