{"id":32,"date":"2013-10-30T13:07:05","date_gmt":"2013-10-30T13:07:05","guid":{"rendered":"http:\/\/peterl.de\/?page_id=32"},"modified":"2017-08-25T09:20:57","modified_gmt":"2017-08-25T07:20:57","slug":"versandkosten","status":"publish","type":"page","link":"https:\/\/www.werbeanhaenger.com\/?page_id=32","title":{"rendered":"Versand &#038; Lieferung"},"content":{"rendered":"<p>Preise und Versandkosten<\/p>\n<p>Wir weisen an dieser Stelle ausdr\u00fccklich darauf hin, das es sich hier um einen Shop f\u00fcr den gewerblichen Einkauf handelt und die darin enthaltenen Preise alle zzgl. der gesetzlich g\u00fcltigen Mwst. sind.<\/p>\n<p>Die Versand-\/Lieferkosten sind je nach Produktart, Umfang und Gewicht unterschiedlich und bieten wir bei den jeweiligen Artikeln optional an.<br \/>\nDie Lieferkosten k\u00f6nnen Sie einfach in den Warenkorb bei den Artikeln hinzu klicken.<\/p>\n<p>Unsere Preise sind f\u00e4llig vor Auslieferung und sind zahlbar via PayPal, Kreditkarte oder per \u00dcberweisung.<br \/>\nF\u00fcr Teilnehmer an unserem Bonus-Systemkauf ist nach Erfassung Ihrer Unternehmensdaten auch ein Kauf auf Rechnung m\u00f6glich.<\/p>\n<div>Erstauftr\u00e4ge sind zahlbar vor Auslieferung.<\/div>\n<div>Erstauftr\u00e4ge ab 1.000,00 \u20ac Auftragswert sind Abschlagszahlungen nach Vereinbarung notwendig.<\/div>\n<div>Folgeauftr\u00e4ge k\u00f6nnen je nach Kundenstatus \/ Bestellvolumen und Art der Bestellung<\/div>\n<div>als Kauf auf Rechnung erfolgen. Hier\u00fcber erhalten Sie eine gesonderte Mitteilung.<\/div>\n<div>F\u00fcr Sonder-\/ Individualbestellungen gilt die Regelung wie f\u00fcr Erstauftr\u00e4ge.<\/div>\n","protected":false},"excerpt":{"rendered":"<p>Preise und Versandkosten Wir weisen an dieser Stelle ausdr\u00fccklich darauf hin, das es sich hier um einen Shop f\u00fcr den [&hellip;]<\/p>\n","protected":false},"author":1,"featured_media":0,"parent":0,"menu_order":0,"comment_status":"closed","ping_status":"open","template":"","meta":{"footnotes":"","_links_to":"","_links_to_target":""},"class_list":["post-32","page","type-page","status-publish","hentry","no-featured-image"],"_links":{"self":[{"href":"https:\/\/www.werbeanhaenger.com\/index.php?rest_route=\/wp\/v2\/pages\/32","targetHints":{"allow":["GET"]}}],"collection":[{"href":"https:\/\/www.werbeanhaenger.com\/index.php?rest_route=\/wp\/v2\/pages"}],"about":[{"href":"https:\/\/www.werbeanhaenger.com\/index.php?rest_route=\/wp\/v2\/types\/page"}],"author":[{"embeddable":true,"href":"https:\/\/www.werbeanhaenger.com\/index.php?rest_route=\/wp\/v2\/users\/1"}],"replies":[{"embeddable":true,"href":"https:\/\/www.werbeanhaenger.com\/index.php?rest_route=%2Fwp%2Fv2%2Fcomments&post=32"}],"version-history":[{"count":2,"href":"https:\/\/www.werbeanhaenger.com\/index.php?rest_route=\/wp\/v2\/pages\/32\/revisions"}],"predecessor-version":[{"id":6776,"href":"https:\/\/www.werbeanhaenger.com\/index.php?rest_route=\/wp\/v2\/pages\/32\/revisions\/6776"}],"wp:attachment":[{"href":"https:\/\/www.werbeanhaenger.com\/index.php?rest_route=%2Fwp%2Fv2%2Fmedia&parent=32"}],"curies":[{"name":"wp","href":"https:\/\/api.w.org\/{rel}","templated":true}]}}