{"id":6655,"date":"2017-08-03T09:41:14","date_gmt":"2017-08-03T07:41:14","guid":{"rendered":"http:\/\/www.werbeanhaenger.com\/?page_id=6655"},"modified":"2019-11-28T12:21:13","modified_gmt":"2019-11-28T11:21:13","slug":"hilfefaq","status":"publish","type":"page","link":"https:\/\/www.werbeanhaenger.com\/?page_id=6655","title":{"rendered":"Hilfe?\/FAQ\/Info"},"content":{"rendered":"<h3><span style=\"background-color: #58d3f7; line-height: 1.5; color: #ffffff;\">Datenbl\u00e4tter\/technische Unterlagen zum Downloaden<\/span><\/h3>\n<p>Hier k\u00f6nnen Sie Informationen downloaden.<br \/>\nAlternativ befinden sich in der <strong>Galerie<\/strong> unter der Kategorie<br \/>\n<strong><a href=\"https:\/\/www.werbeanhaenger.com\/?page_id=2023\">Zeichnungen \u2013 technische Unterlagen \u2013 Entw\u00fcrfe\u00a0<\/a><br \/>\n<\/strong>all unsere Datenbl\u00e4tter als .jpg und .png zum anschauen und runterladen.<\/p>\n<p><strong>Vorgabe f\u00fcr Druckdaten<\/strong> f\u00fcr werbeanhaenger.com<br \/>\n(auf das Bild klicken)<\/p>\n<p><a href=\"https:\/\/www.werbeanhaenger.com\/wp-content\/uploads\/2017\/08\/Druckdaten-als-PDF-fuer-werbeanhaenger.com_1.pdf\"><img decoding=\"async\" class=\"alignnone size-full wp-image-6792\" alt=\"vorschaubild-druckdaten-werbeanhaenger-1\" src=\"https:\/\/www.werbeanhaenger.com\/wp-content\/uploads\/2017\/08\/vorschaubild-druckdaten-werbeanhaenger-1.png\" width=\"200\" height=\"280\" \/><\/a><\/p>\n<p>&nbsp;<\/p>\n<p>Werbeanh\u00e4nger Beispiel \/ technische Zeichnung <strong>STANDARD<\/strong><br \/>\n&#8211;\u00a0<a href=\"https:\/\/www.werbeanhaenger.com\/wp-content\/uploads\/2017\/08\/werbeanhaenger.com-zeichnung-entwurf-technische-unterlagen-1.pdf\">anschauen<\/a><br \/>\n&#8211; <a href=\"https:\/\/www.werbeanhaenger.com\/wp-content\/uploads\/2017\/08\/werbeanhaenger.com-zeichnung-entwurf-technische-unterlagen-2.pdf\">anschauen<\/a><br \/>\n&#8211; <a href=\"https:\/\/www.werbeanhaenger.com\/wp-content\/uploads\/2017\/08\/werbeanhaenger.com-zeichnung-entwurf-technische-unterlagen-3.pdf\">anschauen<\/a><\/p>\n<p>Werbeanh\u00e4nger Beispiel \/ technische Zeichnung <strong>STANDARD<\/strong> Blanko<br \/>\n&#8211; <a href=\"https:\/\/www.werbeanhaenger.com\/wp-content\/uploads\/2017\/08\/werbeanhaenger.com-zeichnung-entwurf-technische-unterlagen-4.pdf\">anschauen<\/a><\/p>\n<p>Werbeanh\u00e4nger Beispiel \/ technische Zeichnung <strong>BIG<\/strong> Blanko<br \/>\n&#8211; <a href=\"https:\/\/www.werbeanhaenger.com\/wp-content\/uploads\/2017\/08\/werbeanhaenger.com-zeichnung-entwurf-technische-unterlagen-5.pdf\">anschauen<\/a><\/p>\n<p>____________________________________________________________________________________________<\/p>\n<h3><span style=\"background-color: #58d3f7; line-height: 1.5; color: #ffffff;\">Din-Formate f\u00fcr den Werbanh\u00e4nger Standard<\/span><\/h3>\n<div>Plakatfl\u00e4che = 18\/1-tel = 18 x DIN A1<br \/>\nsomit gleicht unser<br \/>\nWerbeanh\u00e4nger Rent Me Standard B350 x H250cm = 8,75qm<a href=\"https:\/\/www.werbeanhaenger.com\/wp-content\/uploads\/2017\/08\/dint-format-fur-werbeanhanger-standrad.png\"><img decoding=\"async\" class=\"alignnone size-medium wp-image-7023\" alt=\"dint-format-fur-werbeanhanger-standrad\" src=\"https:\/\/www.werbeanhaenger.com\/wp-content\/uploads\/2017\/08\/dint-format-fur-werbeanhanger-standrad-225x300.png\" width=\"225\" height=\"300\" srcset=\"https:\/\/www.werbeanhaenger.com\/wp-content\/uploads\/2017\/08\/dint-format-fur-werbeanhanger-standrad-225x300.png 225w, https:\/\/www.werbeanhaenger.com\/wp-content\/uploads\/2017\/08\/dint-format-fur-werbeanhanger-standrad-745x992.png 745w, https:\/\/www.werbeanhaenger.com\/wp-content\/uploads\/2017\/08\/dint-format-fur-werbeanhanger-standrad-768x1024.png 768w, https:\/\/www.werbeanhaenger.com\/wp-content\/uploads\/2017\/08\/dint-format-fur-werbeanhanger-standrad.png 1078w\" sizes=\"(max-width: 225px) 100vw, 225px\" \/><\/a><br \/>\n____________________________________________________________________________________________<\/p>\n<\/div>\n<h3><span style=\"background-color: #58d3f7; line-height: 1.5; color: #ffffff;\">Wie wird der Werbeanh\u00e4nger rangiert\/gezogen?<\/span><\/h3>\n<div><span style=\"font-size: 16px; color: #333333;\">Die RentMe Werbeanh\u00e4nger gibt es in verschiedenen Modellvarianten von klein bis gro\u00df!<\/span><\/div>\n<div><span style=\"color: #333333;\">Der Fahrer der den Werbeanh\u00e4nger zieht\/rangiert muss \u00fcber entsprechende<br \/>\nFahrerlaubnis und Erfahrung mit Zugfahrzeug und Anh\u00e4nger verf\u00fcgen.<\/span><br \/>\n<span style=\"color: #000000; font-family: sans-serif; font-size: medium;\"><br \/>\n<\/span><span style=\"color: #333333;\">Da sich laufend im Verkehrs-\/F\u00fchrerscheinrecht \u00c4nderungen ergeben,<\/span><br \/>\n<span style=\"color: #333333; font-size: 16px;\">bitte wir Sie, sich z.B. auf den passenden Internetseiten z.B. <a href=\"httpss:\/\/de.wikipedia.org\/wiki\/F\u00fchrerschein_und_Fahrerlaubnis_(Deutschland)\">wikipedia<\/a>\u00a0<\/span><\/div>\n<div><span style=\"color: #333333; font-size: 16px;\">zu informieren.<\/span><br \/>\n<strong><span style=\"color: #333333; font-size: 16px;\">Rechtsberatung d\u00fcrfen wir nicht geben.<\/span><\/strong><br \/>\n<span style=\"color: #000000; font-family: sans-serif; font-size: medium;\"><span style=\"line-height: normal;\"><br \/>\n<\/span><\/span><span style=\"color: #333333; font-size: 16px;\">Anmerkungen z.B. f\u00fcr den Werbeanh\u00e4nger RentMe-Standard:<\/span><br \/>\n<span style=\"color: #333333; font-size: 16px;\">Unser Standard-Anh\u00e4nger ist der bundesweit meist angemietete Werbeanh\u00e4nger.<\/span><br \/>\n<span style=\"color: #333333; font-size: 16px;\">Der gro\u00dfe Vorteil dieses Anh\u00e4ngers ist, das dieser trotz gro\u00dfer Werbefl\u00e4che einfach<\/span><\/div>\n<div><span style=\"color: #333333; font-size: 16px;\">zu ziehen ist und lediglich zwischen 750 bis 1.300 KG zul. Gesamtgewicht hat.<\/span><br \/>\nF<span style=\"color: #333333; font-size: 16px;\">\u00fcr F\u00fchrerscheininhaber der Klasse B darf das Zuggesamtgewicht <\/span><\/div>\n<div><span style=\"color: #333333; font-size: 16px;\">(PKW und Anh\u00e4nger)<\/span><span style=\"color: #333333; font-size: 16px;\">\u00a0<\/span><span style=\"color: #333333; font-size: 16px;\">3,5 to. = 3.500 KG nicht \u00fcberschreiten.<\/span><br \/>\n<span style=\"color: #000000; font-family: sans-serif; font-size: medium;\"><span style=\"line-height: normal;\"><br \/>\n<\/span><\/span><span style=\"color: #333333; font-size: 16px;\">In den Anh\u00e4ngerpapieren (KFZ-Schein) steht das Gesamtgewicht des Anh\u00e4ngers.<\/span><br \/>\n<span style=\"color: #333333; font-size: 16px;\">Ziehen wir von dem Zuggesamtgeswicht die gerundet 1.300 KG ab, so <\/span><span style=\"color: #333333; font-size: 16px;\">verbleibt<br \/>\nf\u00fcr Ihr Zugfahrzeug nach dieser Rechnung noch max. 2.200 KG zul. Gesamtgewicht.<\/span><\/div>\n<p><strong><span style=\"color: #333333; font-size: 16px;\">Fazit:<br \/>\n<\/span><\/strong><span style=\"color: #333333; font-size: 16px;\">Sofern Sie also den F\u00fchrerschein B haben, darf Ihr Zugfahrzeug ein max.<br \/>\nzul. Gesamtgewicht von 2.200 KG\u00a0<\/span><span style=\"color: #333333; line-height: 1.5;\">in den KFZ-Papieren ausweisen.<br \/>\n<\/span><span style=\"color: #333333; line-height: 1.5;\">Pr\u00fcfen Sie selber Ihre Voraussetzungen, ob Ihre F\u00fchrerscheinklasse ausreicht!<\/span><\/p>\n<div><span style=\"color: #333333; font-size: 16px;\">Des weiteren ist zu \u00fcberpr\u00fcfen, ob das Fahrzeug \u00fcber die notwendige Anh\u00e4ngelast verf\u00fcgt.<\/span><br \/>\n<span style=\"color: #333333; font-size: 16px;\">z.B. ein VW Golf o.\u00e4. sollte in der Regel damit keine Probleme haben. <\/span><\/div>\n<div><span style=\"color: #333333; font-size: 16px;\">Bitte in den Fahrzeugpapieren nachschauen!<\/span><br \/>\n<span style=\"color: #333333; font-size: 16px;\">Es z\u00e4hlt das tats\u00e4chliche Zuggewicht, in diesem Falle wiegen die meisten unserer<br \/>\nAnh\u00e4nger 750KG\u00a0 (350 KG Eigengewicht und Kiesbeladung ca. 400 KG).<\/span><br \/>\n<span style=\"color: #000000; font-family: sans-serif; font-size: medium;\"><span style=\"line-height: normal;\"><br \/>\n<\/span><\/span><span style=\"color: #333333; font-size: 16px;\">Den RentMe Big bieten wir in 2 Gewichtsklassen <\/span><\/div>\n<div><span style=\"color: #333333; font-size: 16px;\">mit zul. Gesamtgewicht 1,0 to. und 3,0 to. an.<\/span><br \/>\n<span style=\"color: #333333; font-size: 16px;\">Aufgrund der gro\u00dfen Werbefl\u00e4che wird der RentMeBig mit mehr Gewicht beladen.<\/span><br \/>\n<span style=\"color: #333333; font-size: 16px;\">Bei diesem Anh\u00e4nger sollten Sie oder Ihr Fahrer wenigsten \u00fcber einen<\/span><br \/>\n<span style=\"color: #333333; font-size: 16px;\">Nachweis mit Anh\u00e4ngerf\u00fchrerschein oder der alten F\u00fchrerscheinklasse 3 verf\u00fcgen.<\/span><br \/>\n<span style=\"color: #000000; font-family: sans-serif; font-size: medium;\"><span style=\"line-height: normal;\"><br \/>\n<\/span><\/span><em><strong><span style=\"color: #333333; font-size: 16px;\">Bitte lassen Sie stets nur erfahrene Autofahrer mit <\/span><\/strong><\/em><\/div>\n<div><em><strong><span style=\"color: #333333; font-size: 16px;\">A<\/span><span style=\"color: #333333;\">nh\u00e4ngererfahrung die Werbeanh\u00e4nger rangieren!<\/span><\/strong><\/em><\/div>\n<div><span style=\"color: #333333; font-size: 16px;\">F\u00fcr F\u00fchrerscheinneulinge ist das nicht ganz einfach.<\/span><br \/>\n<span style=\"color: #333333; font-size: 16px;\">Zudem soll der Werbeanh\u00e4nger ja nicht zu \u201eFahrschul-Ausbildungszwecken&#8220; <\/span><\/div>\n<div><span style=\"color: #333333; font-size: 16px;\">genutzt werden.<\/span><\/div>\n<p>____________________________________________________________________________________________<\/p>\n<h3><span style=\"background-color: #58d3f7; line-height: 1.5; color: #ffffff;\">Wie lege ich die Druckdatei f\u00fcr werbeanhaenger.com an?<\/span><\/h3>\n<p>Legen Sie die Druckdaten als PDF in <strong>CMYK<\/strong> im Format <strong>1:10<\/strong> an, nicht in RGB.<br \/>\nVerwenden Sie PDF\/X-1a oder X-3 (PDF 1.3).<br \/>\nVergessen Sie nicht Ihre <strong>Schriften in Pfade<\/strong> umzuwandeln,<br \/>\ndamit es beim Druck keine Verf\u00e4lschungen gibt.<\/p>\n<p><strong>Die Formate k\u00f6nnen Sie sich hier anschauen:<br \/>\n<\/strong><b><\/b><a href=\"https:\/\/www.werbeanhaenger.com\/wp-content\/uploads\/2017\/08\/Druckdaten-als-PDF-fuer-werbeanhaenger.com_.pdf\">Druckdaten-als-PDF-fuer-werbeanhaenger.com<\/a><\/p>\n<p><strong>Senden Sie uns die Druckdatei an:<br \/>\n<\/strong><a href=\"mailto:info@werbeanhaenger.com\">info@werbeanhaenger.com<\/a><\/p>\n<p>____________________________________________________________________________________________<\/p>\n<h3><span style=\"background-color: #58d3f7; line-height: 1.5; color: #ffffff;\">Gibt es Richtlinien und Einschr\u00e4nkungen?<\/span><\/h3>\n<div><b>Wo d\u00fcrfen Werbeanh\u00e4nger stehen?<\/b><\/div>\n<div>Grunds\u00e4tzlich d\u00fcrfen Werbeanh\u00e4nger \u00fcberall dort stehen, wo es nicht verboten ist.<\/div>\n<div>Der Anh\u00e4nger ist versichert und versteuert und darf am normalen Verkehrsalltag<\/div>\n<div>teilnehmen wie jeder andere Anh\u00e4nger auch.<\/div>\n<div>Welche Auflagen gesondert von den jeweiligen Stadtren\/Gemeinden etc. gemacht werden<\/div>\n<div>entzieht sich unserer Kenntnis und ist vom Mieter nach eigener Einsch\u00e4tzung seines<\/div>\n<div>Aufstellortes abzuw\u00e4gen.<\/div>\n<div><\/div>\n<div><b>Sind Genehmigungen notwendig?<\/b><\/div>\n<div>\n<div>Werbeanh\u00e4nger sind f\u00fcr Guerillia-Marketing-Aktionen genau geeignet wie f\u00fcr<\/div>\n<div>Langzeitwerbeaktionen \u00fcber mehrere Monate oder Jahre, um generell auf Firmen\/Unternehmungen<\/div>\n<div>oder Veranstaltungen\/Abverkaufsaktionen oder sonstige Werbung aufmerksam zu machen.<\/div>\n<div><\/div>\n<div>Wir als Vermieter k\u00f6nnen nicht wissen, ob Sie den Anh\u00e4nger an Punkt x oder y aufstellen oder wo auch<\/div>\n<div>immer platzieren. Sie k\u00f6nnen dies selber entscheiden, wo Sie dies f\u00fcr notwendig und sinnvoll erachten.<\/div>\n<div><\/div>\n<div>So werden 10.000sende Werbeanh\u00e4nger bundesweit platziert und werben preiswert<\/div>\n<div>dort 24\/7 rund um die Uhr gut sichtbar!<\/div>\n<div>Genehmigungen hierf\u00fcr werden von den Aufstellern in den seltensten F\u00e4llen eingeholt,<\/div>\n<div>wie Sie dies handhaben wollen sei Ihnen \u00fcberlassen! Es gibt von uns hierf\u00fcr keine Vorgabe.<\/div>\n<div><\/div>\n<div>Wir vermieten lediglich die Anh\u00e4nger und weisen schon jetzt darauf hin,<\/div>\n<div>das Sie f\u00fcr die Aufstellung und deren Unterhaltung innerhalb der Mietzeit selber verantwortlich sind.<\/div>\n<div><\/div>\n<div>Es bleibt Ihnen freigestellt eine Genehmigung zu beantragen und zu erwirken,<\/div>\n<div>wobei wir unm\u00f6glich wissen k\u00f6nnen, ob diese \u00fcberhaupt genehmigt wird oder nicht und<\/div>\n<div>auch nicht wissen k\u00f6nnen, ob und welche zus\u00e4tzlichen Kosten f\u00fcr Sie dann entstehen!<\/div>\n<div>Viele unserer Kunden werben mit den Anh\u00e4ngern als Guerillia-Marketing-Aktion.<\/div>\n<div><\/div>\n<div>Entscheiden Sie, wie Sie es handhaben m\u00f6chten und veranlassen Sie dies,<\/div>\n<div>was Sie f\u00fcr notwendig erachten.<\/div>\n<div><\/div>\n<div>Im Zweifelsfall werben Sie mit dem Werbeanh\u00e4nger und ernten damit den Erfolg Ihrer Werbung<\/div>\n<div>und tragen daf\u00fcr die Konsequenzen,<\/div>\n<div>oder<\/div>\n<div>Sie werben nicht mit dem Werbeanh\u00e4nger und tragen dann daf\u00fcr die Konsequenzen.<\/div>\n<div>Denn unterlassene Werbung bringt nichts!<\/div>\n<div><\/div>\n<div>\n<div>Ich hoffe Sie k\u00f6nnen nun dies Thema gut einsch\u00e4tzen,<\/div>\n<div>denn im Zweifelsfall k\u00f6nnen wir Ihnen nicht helfen,<\/div>\n<div>oder nur helfen, in dem wir Ihnen die Werbeanh\u00e4nger vermieten.<\/div>\n<div>Eben f\u00fcr Werbung!<\/div>\n<\/div>\n<\/div>\n<p><span style=\"line-height: 1.5;\">____________________________________________________________________________________________<\/span><\/p>\n<h3><span style=\"background-color: #58d3f7; line-height: 1.5; color: #ffffff;\">Zahlungsm\u00f6glichkeiten<\/span><\/h3>\n<p>&#8211; \u00dcberweisung<br \/>\n&#8211; PayPal<br \/>\n&#8211; SOFORT \u00dcberweisung<\/p>\n<p><strong>weitere Informationen finden Sie hier:<\/strong><br \/>\n<a href=\"https:\/\/www.werbeanhaenger.com\/?page_id=36\">Zahlungsarten<\/a><\/p>\n","protected":false},"excerpt":{"rendered":"<p>Datenbl\u00e4tter\/technische Unterlagen zum Downloaden Hier k\u00f6nnen Sie Informationen downloaden. Alternativ befinden sich in der Galerie unter der Kategorie Zeichnungen \u2013 [&hellip;]<\/p>\n","protected":false},"author":1,"featured_media":0,"parent":0,"menu_order":0,"comment_status":"closed","ping_status":"closed","template":"page-fullwidth.php","meta":{"footnotes":"","_links_to":"","_links_to_target":""},"class_list":["post-6655","page","type-page","status-publish","hentry","no-featured-image"],"_links":{"self":[{"href":"https:\/\/www.werbeanhaenger.com\/index.php?rest_route=\/wp\/v2\/pages\/6655","targetHints":{"allow":["GET"]}}],"collection":[{"href":"https:\/\/www.werbeanhaenger.com\/index.php?rest_route=\/wp\/v2\/pages"}],"about":[{"href":"https:\/\/www.werbeanhaenger.com\/index.php?rest_route=\/wp\/v2\/types\/page"}],"author":[{"embeddable":true,"href":"https:\/\/www.werbeanhaenger.com\/index.php?rest_route=\/wp\/v2\/users\/1"}],"replies":[{"embeddable":true,"href":"https:\/\/www.werbeanhaenger.com\/index.php?rest_route=%2Fwp%2Fv2%2Fcomments&post=6655"}],"version-history":[{"count":53,"href":"https:\/\/www.werbeanhaenger.com\/index.php?rest_route=\/wp\/v2\/pages\/6655\/revisions"}],"predecessor-version":[{"id":6697,"href":"https:\/\/www.werbeanhaenger.com\/index.php?rest_route=\/wp\/v2\/pages\/6655\/revisions\/6697"}],"wp:attachment":[{"href":"https:\/\/www.werbeanhaenger.com\/index.php?rest_route=%2Fwp%2Fv2%2Fmedia&parent=6655"}],"curies":[{"name":"wp","href":"https:\/\/api.w.org\/{rel}","templated":true}]}}