{"id":7082,"date":"2021-02-05T10:39:04","date_gmt":"2021-02-05T09:39:04","guid":{"rendered":"https:\/\/www.werbeanhaenger.com\/?page_id=7082"},"modified":"2021-02-08T14:23:04","modified_gmt":"2021-02-08T13:23:04","slug":"plz-0","status":"publish","type":"page","link":"https:\/\/www.werbeanhaenger.com\/?page_id=7082","title":{"rendered":"PLZ 0"},"content":{"rendered":"<p style=\"text-align: center;\"><strong>Divisionsagentur (DA) f\u00fcr PLZ 0<\/strong><\/p>\n<p style=\"text-align: center;\">1a-idee.com Profi-Supporterschulung + Divisions-Partner-Info + Produktionsberatung<\/p>\n<p style=\"text-align: center;\">info@1a-idee.com Tel.: 0511\/92 00 000<strong><br \/>\n<\/strong><\/p>\n<p style=\"text-align: left;\"><button><a href=\"https:\/\/www.1a-idee.com\/\" target=\"_blank\">Zur Webseite<\/a><\/button><\/p>\n<hr \/>\n<p style=\"text-align: center;\"><strong>Divisionssupporter (DS) f\u00fcr PLZ 0<\/strong><\/p>\n<p style=\"text-align: center;\">Profi-Support in Ihrem PLZ-Bereich<\/p>\n<p>&nbsp;<\/p>\n<hr \/>\n<div>\n<p style=\"text-align: center;\"><strong>Divisionspartner (DP) f\u00fcr PLZ 0<\/strong><\/p>\n<p style=\"text-align: center;\">Profi-Support in Ihrem PLZ-Bereich<\/p>\n<p><a href=\"https:\/\/citmax.de\/wp-content\/uploads\/2020\/05\/logo-werbeanhanger.png\"><img decoding=\"async\" class=\"size-medium wp-image-24754 aligncenter\" src=\"https:\/\/citmax.de\/wp-content\/uploads\/2020\/05\/logo-werbeanhanger.png\" alt=\"bauschild-miete-logo\" width=\"300\" height=\"56\" \/><\/a><\/p>\n<p style=\"text-align: left;\">Das werbeanhaenger.com-Team ist eine Division der <a title=\"Wir liefern Ideen und produzieren Ihre erfolgreiche Werbung!\" href=\"https:\/\/www.idee-produktion.de\/\" target=\"_blank\">idee-produktion.de<\/a> GmbH die seit 1989 eine Unternehmung der langwost.de Unternehmensgruppe ist. Wir liefern Bauschilder und Werbeschildgestelle kurzfristig und bundesweit aus.<br \/>\nWerbeanh\u00e4nger f\u00fcr kurzfristigen Einsatz die wir bundesweit ausgeliefern. Online finden Sie Preise von \u00fcber 100 Modellen in allen Gr\u00f6\u00dfen\/Formaten. Ideal f\u00fcr werbetribende aus allen Branchen. Schnelle Preis\u00fcbersicht. Wir liefern sofort, bauen bundesweit auf.<\/p>\n<\/div>\n<div style=\"text-align: left;\"><strong>Firmierung: <\/strong>idee-produktion.de GmbH <strong>Telefon: <\/strong>0511 9200 000,<br \/>\n<strong>E-Mail: <\/strong>info@werbeanhaenger.com <strong>Ort: <\/strong>Heinkelstra\u00dfe 3, 30827 Garbsen<\/div>\n<p><button><a href=\"https:\/\/www.werbeanhaenger.com\/\" target=\"_blank\">Zur Webseite<\/a><\/button><\/p>\n<p>&nbsp;<\/p>\n","protected":false},"excerpt":{"rendered":"<p>Divisionsagentur (DA) f\u00fcr PLZ 0 1a-idee.com Profi-Supporterschulung + Divisions-Partner-Info + Produktionsberatung info@1a-idee.com Tel.: 0511\/92 00 000 Zur Webseite Divisionssupporter (DS) [&hellip;]<\/p>\n","protected":false},"author":1,"featured_media":0,"parent":0,"menu_order":0,"comment_status":"closed","ping_status":"closed","template":"","meta":{"footnotes":"","_links_to":"","_links_to_target":""},"class_list":["post-7082","page","type-page","status-publish","hentry","no-featured-image"],"_links":{"self":[{"href":"https:\/\/www.werbeanhaenger.com\/index.php?rest_route=\/wp\/v2\/pages\/7082","targetHints":{"allow":["GET"]}}],"collection":[{"href":"https:\/\/www.werbeanhaenger.com\/index.php?rest_route=\/wp\/v2\/pages"}],"about":[{"href":"https:\/\/www.werbeanhaenger.com\/index.php?rest_route=\/wp\/v2\/types\/page"}],"author":[{"embeddable":true,"href":"https:\/\/www.werbeanhaenger.com\/index.php?rest_route=\/wp\/v2\/users\/1"}],"replies":[{"embeddable":true,"href":"https:\/\/www.werbeanhaenger.com\/index.php?rest_route=%2Fwp%2Fv2%2Fcomments&post=7082"}],"version-history":[{"count":3,"href":"https:\/\/www.werbeanhaenger.com\/index.php?rest_route=\/wp\/v2\/pages\/7082\/revisions"}],"predecessor-version":[{"id":7086,"href":"https:\/\/www.werbeanhaenger.com\/index.php?rest_route=\/wp\/v2\/pages\/7082\/revisions\/7086"}],"wp:attachment":[{"href":"https:\/\/www.werbeanhaenger.com\/index.php?rest_route=%2Fwp%2Fv2%2Fmedia&parent=7082"}],"curies":[{"name":"wp","href":"https:\/\/api.w.org\/{rel}","templated":true}]}}