{"id":7701,"date":"2023-04-28T12:40:41","date_gmt":"2023-04-28T10:40:41","guid":{"rendered":"https:\/\/www.werbeanhaenger.com\/?post_type=product&#038;p=7701"},"modified":"2023-12-08T11:04:10","modified_gmt":"2023-12-08T10:04:10","slug":"kaufbare-werbeanhaenger-nach-wahl-inklusive-werbebanner-set-kaufpreise-zum-anhaengerkauf-neu-und-gebraucht-bei-uns-erhaeltlich-konfigurieren-sie-ganz-einfach-ihren-anhaenger-kaufpreis","status":"publish","type":"product","link":"https:\/\/www.werbeanhaenger.com\/?product=kaufbare-werbeanhaenger-nach-wahl-inklusive-werbebanner-set-kaufpreise-zum-anhaengerkauf-neu-und-gebraucht-bei-uns-erhaeltlich-konfigurieren-sie-ganz-einfach-ihren-anhaenger-kaufpreis","title":{"rendered":"Werbeanh\u00e4nger Kauf"},"content":{"rendered":"<p>Werbeanh\u00e4nger bietet diverse Werbeanh\u00e4nger-Modelle\u00a0mit speziellen Dachaufbauten an, die sich hervorragend f\u00fcr Blickfangwerbung in Innenst\u00e4dte und nahe stark befahrener Strassen eignen.<br \/>\n<strong>Werbeanh\u00e4nger sind aktive Werbetr\u00e4ger<\/strong>\u00a0und eignen sich bestens f\u00fcr Kurzzeitaktionen wie z.B. Veranstaltungen, Messen, Events oder auch f\u00fcr langfristige Blickfangwerbung, die in der Regel 6 \u00a0&#8211; 12 Monate gebucht werden.<br \/>\nDie Vorteile einer Langzeitmiete sind \u00fcberzeugend,<br \/>\ndenn die Langzeitwerbewirkung der RentMe Werbeanh\u00e4nger<br \/>\nkann nachhaltig gemessen werden.<br \/>\nAuf Wiesen und \u00c4ckern, auf speziellen freien Parkfl\u00e4chen, die es zu tausenden in der City gibt, oder auf privaten oder gewerblichen Grundst\u00fccken, ob mit oder ohne Genehmigung &#8211; je nach Standortsituation,<br \/>\nkann unser Anh\u00e4nger leicht plaziert werden.<br \/>\nOb zur Neuer\u00f6ffnung, zur Produkteinf\u00fchrung, zur allgemeinen Verkaufsunterst\u00fctzung oder einfach nur zur Imagewerbung,&#8230;<br \/>\nWerbeanh\u00e4nger sind eine hervorragende Unterst\u00fctzung,<br \/>\num Ihre Werbebotschaften an Ihre Zielgruppe zu transportieren.<\/p>\n<p>Die Werbewirkung hat gerade bei l\u00e4ngeren Standzeiten einen Langzeiteffekt, denn Werbeanh\u00e4nger sind einzigartig, noch nicht so verbreitet und werden daher sehr gut wahr genommen.<br \/>\nDie Werbeanh\u00e4nger haben alle T\u00dcV, sind zugelassen und versichert und k\u00f6nnen somit frei rangiert, transportiert und platzunabh\u00e4ngig bewegt werden.<br \/>\n<strong>Sie k\u00f6nnen:<\/strong><br \/>\n<strong>a) als Standanh\u00e4nger gebucht werden<\/strong><br \/>\n(Modelle: RentMe COMPACT, STANDARD, BIG, SUPERBIG und<br \/>\nRentMe-ROLLY ebenso in den Formatgr\u00f6\u00dfen MICRO, MINI, STANDARD, BIG).<\/p>\n<p><strong>b) als umhergefahrene Werbeanh\u00e4nger in Kombination mit unseren CityWerbefahrzeugen<\/strong>\u00a0und\u00a0mit unserem\u00a0Fahrer und auf Wunsch<br \/>\nauch mit Promotionpersonal (RentMe KOMBI).<br \/>\n<strong>c) als flexible Werbeanh\u00e4nger mit Ihrem Fahrer\/Ihrem Fahrzeug<\/strong>\u00a0oder wahlweise unserem Fahrzeug.<\/p>\n<p>RentMe gibt es in diversen Gr\u00f6\u00dfen von<br \/>\nCOMPACT B250 x H150 cm \u00a0bis SUPERBIG B700 x H350cm.<\/p>\n<p><strong>Das mobile Plakatsystem<\/strong>\u00a0RentMe kostet nur rund die H\u00e4lfte von dem, was herk\u00f6mmliche\u00a0<strong>Plakatwerbung<\/strong>\u00a0kostet. (Oder nur ein Viertel, wenn man bedenkt, dass jeder RentMe-STANDARD\u00a0ja zwei Plakatwandseiten hat!) Zwei Gro\u00dfplakat-Werbefl\u00e4chen zum Preis von einer! und dann auch noch mobil!<br \/>\n<strong>RentMe-SuperBIG<\/strong>\u00a0ist der \u201egro\u00dfe Bruder\u201c vom RentMe-STANDARD.<br \/>\nW\u00e4hrend RentMe-Standard mit seiner 18\/1-Fl\u00e4che bzw. 350 x 250 cm (= 8,75 qm) der klassischen Gro\u00dfplakatfl\u00e4che entspricht, \u201esprengt\u201c der RentMe-SuperBIG den Rahmen mit un\u00fcbersehbaren 700 x 350 cm (24,5 qm)!!<br \/>\nVorbei ist auch die Zeit der aufwendigen Bauantr\u00e4ge f\u00fcr Werbanlagen:<br \/>\n<strong>Der RentMe-Werbeanh\u00e4nger\u00a0ist keine fest positionierte Werbefl\u00e4che, sondern dank eigener R\u00e4der\u00a0mobil.<\/strong><\/p>\n<p>Sie entscheiden \u00fcber die Plazierung Ihrer Action-Werbung! Denn Werbefahrzeuge sind\u00a0flexibel und beweglich und k\u00f6nnen problemlos<br \/>\nauch mal versetzt werden.<br \/>\nDie \u00f6rtlichen Gegebenheiten entscheiden wie und wo Sie am Besten werben.<\/p>\n<p>Auch mehrere Werbeanh\u00e4ngerflotten\/Kolonnen von 3 st. oder 5 st. Anh\u00e4ngern oder mehr sind m\u00f6glich.<br \/>\nAuf Wunsch stellen wir Fahrer oder Promotionpersonal, verkleiden auch die Aufbauten mit auffallenden Werbe- Ballons oder Individualdekorationen,<br \/>\nund wenn Sie eine Spontan-Deko- oder Ausf\u00fchrungsidee haben,<br \/>\ndann helfen wir bei der Umsetzung!<br \/>\n<strong>Wir erweitern st\u00e4ndig unseren Anh\u00e4nger-Fuhrpark und r\u00fcsten auch um, und passen uns Ihren Promotionanfragen und Ihren Werbebed\u00fcrfnissen an!<\/strong><br \/>\nDie Werbeanh\u00e4nger sind alle gr\u00f6\u00dfentechnisch genormt, gepflegt, viele neuwertig und die Werbefl\u00e4che on Topp ist m\u00f6glichst gro\u00df f\u00fcr den jeweiligen Anh\u00e4nger ausgelegt.<br \/>\nIdeal ist die Werbewirkung, wenn die Anh\u00e4nger bei stark frequentierten Einkaufszentren mobil plaziert werden, oder bei Neuer\u00f6ffnungen, bei Messe-Events oder Mitbewerber-Veranstaltungen f\u00fcr Aufmerksamkeit sorgen- und nat\u00fcrlich werbewirksam an stark befahrenen Strassen aufgestellt werden!<br \/>\nIhre Idee &#8211; wir setzen diese um!<\/p>\n<p><strong>Mit den City-RentMe-Werbeanh\u00e4ngern heben Sie sich deutlich vom Mitbewerb ab!<\/strong><\/p>\n<p>Sie sind Werbeagentur? Dann stellen Sie uns einfach eine fertige Druckdatei.<br \/>\nSie sind gewerblicher Kunde? Dann bieten wir Ihnen unseren Druck-Datei-Erstellungs-Service an.<\/p>\n<p>Sie k\u00f6nnen unseren BeschriftungsService gleich mit nutzen, denn wir drucken, kaschieren und Beschriften termingerecht, schnell und g\u00fcnstig.<br \/>\nDie Bannerfl\u00e4chen werden aus Spezialgewebe hergestellt, die bis 4c bedruckt und auf die Werbefl\u00e4chen von uns montiert werden.<br \/>\n<strong>Der Vorteil ist,<\/strong>\u00a0das Sie nach Veranstaltungsende Ihre Werbeplanen mit nehmen, anderweitig verwenden oder aber f\u00fcr die n\u00e4chste Werbeaktion aufheben k\u00f6nnen. F\u00fcr die n\u00e4chste Werbeaktion den Werbeanh\u00e4nger mieten, damit bespannen und schon kann Ihre n\u00e4chste Werbeaktion starten!<\/p>\n<p><strong>Optional<\/strong>\u00a0haben wir auf den Werbeanh\u00e4ngern auch blanko Holztafel-Werbefl\u00e4chen, auf der es uns m\u00f6glich ist, Ihre gestellten, herk\u00f6mmlichen Plakate zu kaschieren oder auch Sonderdekorationen zu befestigen.<br \/>\nWerbebotschaften k\u00f6nnen flexibel, schnell, einfach, preiswert, auff\u00e4llig und vor allem individuell je nach Aktion oder Standort angepasst werden.<br \/>\nAuch alle Sonderformate sind m\u00f6glich!<\/p>\n<p>Ab Auftragsfreigabe\/ Druck-Daten\u00fcbermittlung\u00a0ben\u00f6tigen wir ca. 4 -6 Tage Vorlauf<br \/>\nden Anh\u00e4nger herzurichten und\u00a0f\u00fcr die Herstellung der Werbebanner.<br \/>\n<strong>Die ben\u00f6tigten Druckvorlagen<\/strong>\u00a0senden Sie uns bitte passend zum jeweiliegn Anh\u00e4ngerformat im Ma\u00dfstab 1:10 als hochaufl\u00f6sende .jpg-Datei oder als Druck-pdf., stets Schriften zu Pfade\/Kurven gewandelt.<\/p>\n<p><strong>F\u00fcr die Mietdauer sind Sie der Anh\u00e4ngernutzer.<\/strong><br \/>\nBei manchen St\u00e4dten sind Genehmigungen notwendig. Hier entscheidet die<br \/>\nWerbedauer und der Aufstellort, deren Bedingungen Sie einsch\u00e4tzen sollten.<br \/>\nVielerorts k\u00f6nnen unsere Anh\u00e4nger problemlos plaziert werden.<\/p>\n","protected":false},"excerpt":{"rendered":"<div>\n<p><strong>W\u00e4hlen Sie im schwarzen Balken Ihren Wunschanh\u00e4nger.<\/strong><\/p>\n<p><span style=\"color: #ff0000;\"><strong>Sie m\u00f6chten ein Angebot?\u00a0 Dann Warenkorb \u00f6ffnen und mit Ihrem Browser ausdrucken.<\/strong><\/span><br \/>\n&#8211; Kauf auf Rechnung oder mit PayPal m\u00f6glich.<\/p>\n<p>Wenn Sie den Anh\u00e4nger nicht selber abholen k\u00f6nnen,<br \/>\n<strong><a href=\"https:\/\/www.werbeanhaenger.com\/?product=anlieferung-trailer-ermitteln-sie-die-entfernung-ihrer-adresse-zu-uns-nach-garbsen-via-google-maps-und-duplizieren-sie-die-km-anzahl-unserer-fahrer-faehrt-die-strecker-doppelt-rueckfahrt\" target=\"_blank\" rel=\"noopener\">klicken Sie hier<\/a>.<\/strong><\/p>\n<\/div>\n","protected":false},"featured_media":8032,"comment_status":"closed","ping_status":"closed","template":"","meta":{"_links_to":"","_links_to_target":""},"product_cat":[282],"product_tag":[],"class_list":{"0":"post-7701","1":"product","2":"type-product","3":"status-publish","4":"has-post-thumbnail","6":"product_cat-werbeanhaenger-rentme-mieten-kaufen-mit-strassenzulassung","7":"pa_werbeanhaenger-kauf-werbeanhaenger-gebraucht-ca-3-bis-8-jahre-mit-neuem-tuev-ohne-werbung","8":"pa_werbeanhaenger-kauf-werbeanhaenger-gebraucht-ca-5-bis-8-jahre-mit-neuem-tuev-ohne-werbung","9":"pa_werbeanhaenger-kauf-werbeanhaenger-gebraucht-ab-9-jahre-mit-neuem-tuev-ohne-werbung","10":"pa_werbeanhaenger-kauf-werbeanhaenger-einzeln-neu-mit-tuev-ohne-werbung","11":"pa_werbeanhaenger-kauf-werbeanhaenger-ab-3-st-sonderpreis-neu-mit-tuev-ohne-werbung","13":"first","14":"instock","15":"taxable","16":"shipping-taxable","17":"purchasable","18":"product-type-variable","19":"has-default-attributes","20":"has-featured-image","21":"portrait"},"_links":{"self":[{"href":"https:\/\/www.werbeanhaenger.com\/index.php?rest_route=\/wp\/v2\/product\/7701","targetHints":{"allow":["GET"]}}],"collection":[{"href":"https:\/\/www.werbeanhaenger.com\/index.php?rest_route=\/wp\/v2\/product"}],"about":[{"href":"https:\/\/www.werbeanhaenger.com\/index.php?rest_route=\/wp\/v2\/types\/product"}],"replies":[{"embeddable":true,"href":"https:\/\/www.werbeanhaenger.com\/index.php?rest_route=%2Fwp%2Fv2%2Fcomments&post=7701"}],"wp:featuredmedia":[{"embeddable":true,"href":"https:\/\/www.werbeanhaenger.com\/index.php?rest_route=\/wp\/v2\/media\/8032"}],"wp:attachment":[{"href":"https:\/\/www.werbeanhaenger.com\/index.php?rest_route=%2Fwp%2Fv2%2Fmedia&parent=7701"}],"wp:term":[{"taxonomy":"product_cat","embeddable":true,"href":"https:\/\/www.werbeanhaenger.com\/index.php?rest_route=%2Fwp%2Fv2%2Fproduct_cat&post=7701"},{"taxonomy":"product_tag","embeddable":true,"href":"https:\/\/www.werbeanhaenger.com\/index.php?rest_route=%2Fwp%2Fv2%2Fproduct_tag&post=7701"}],"curies":[{"name":"wp","href":"https:\/\/api.w.org\/{rel}","templated":true}]}}